{"id":14760,"date":"2024-07-28T21:37:17","date_gmt":"2024-07-28T19:37:17","guid":{"rendered":"https:\/\/www.codewerk.de\/research-projects\/vernetzte-industrie\/"},"modified":"2026-04-10T13:30:59","modified_gmt":"2026-04-10T11:30:59","slug":"vernetzte-industrie","status":"publish","type":"page","link":"https:\/\/www.codewerk.de\/en\/research-projects\/vernetzte-industrie\/","title":{"rendered":"NETWORKED INDUSTRY"},"content":{"rendered":"\t\t<div data-elementor-type=\"wp-page\" data-elementor-id=\"14760\" class=\"elementor elementor-14760 elementor-14592\" data-elementor-settings=\"{&quot;ha_cmc_init_switcher&quot;:&quot;no&quot;}\" data-elementor-post-type=\"page\">\n\t\t\t\t\t\t<section class=\"elementor-section elementor-top-section elementor-element elementor-element-4514058 elementor-section-full_width elementor-section-height-default elementor-section-height-default\" data-id=\"4514058\" data-element_type=\"section\" data-e-type=\"section\" data-settings=\"{&quot;_ha_eqh_enable&quot;:false}\">\n\t\t\t\t\t\t<div class=\"elementor-container elementor-column-gap-no\">\n\t\t\t\t\t<div class=\"elementor-column elementor-col-100 elementor-top-column elementor-element elementor-element-01a2746\" data-id=\"01a2746\" data-element_type=\"column\" data-e-type=\"column\">\n\t\t\t<div class=\"elementor-widget-wrap elementor-element-populated\">\n\t\t\t\t\t\t<div class=\"elementor-element elementor-element-f29a1ff elementor-widget elementor-widget-ucaddon_cod_header_teaser_text_bild\" data-id=\"f29a1ff\" data-element_type=\"widget\" data-e-type=\"widget\" data-widget_type=\"ucaddon_cod_header_teaser_text_bild.default\">\n\t\t\t\t<div class=\"elementor-widget-container\">\n\t\t\t\t\t\n<!-- start Header Teaser Text \/ Bild -->\n<style>\/* widget: Header Teaser Text \/ Bild *\/\n\n#uc_cod_header_teaser_text_bild_elementor_f29a1ff .cod-trenner {\n  background: linear-gradient(90deg, #62A4DA 0%, #86FB23 100%);\n}\n#uc_cod_header_teaser_text_bild_elementor_f29a1ff .cod-slash {\n  display: block;\n  width: 366.185px;\n  height: 57.819px;\n  transform: rotate(-69deg);\n  border-radius: 88px;\n  background-color: #9EFC4F;\n  position: absolute;\n  top: calc(50% - 29px);\n  left: calc(50% - 184px);\n  z-index: 2;\n}\n@media only screen and (max-width: 1023px) {\n  #uc_cod_header_teaser_text_bild_elementor_f29a1ff .cod-slash {\n    display: none;\n  }\n}\n.cod-herder-teaser {\n  display: block;\n  position: relative;\n  width: 100%;\n  height: 606px;\n  background-color: #02213B;\n}\n.cod-herder-teaser-left {\n  display: block;\n  width: calc(50% + 115px);\n  height: 100%;\n  position: absolute;\n  left: 0;\n  top: 0;\n  background: linear-gradient(124deg, #2C4E6B -7.23%, #022B4D 78.78%);\n  z-index:2;\n  clip-path: polygon(0 0, 100% 0, 100% 0%, calc(100% - 230px) 100%, 0 100%);\n}\n.cod-herder-teaser-right {\n  display: block;\n  width: calc(50% + 115px);\n  height: 100%;\n  position: absolute;\n  right: 0;\n  top: 0;\n  z-index: 1;\n}\n.cod-herder-teaser-right img {\n  position: absolute;\n  top: 0;\n  left: 0;\n  width: 100%;\n  height: 100%;\n  object-fit: cover;\n}\n.cod-herder-teaser-left-inner {\n  display: block;\n  width: 930px;\n  position: absolute;\n  right: 115px;\n  top: 0;\n}\n\n.cod-herder-teaser-left-list {\n  position: relative;\n  display: flex;\n  flex-wrap: wrap;\n}\n.cod-herder-teaser-left-list-item {\n  flex: 1;\n  min-width: 42%; \n  max-width: 42%; \n  box-sizing: border-box;\n  padding: 10px;\n  position: relative;\n  padding-left: 15px;\n}\n.cod-herder-teaser-left-list-item:nth-of-type(2n) {\n  min-width: 58%; \n  max-width: 58%; \n}\n.cod-herder-teaser-left-list-item span {\n  position: absolute;\n  left: -13px;\n  top: 12px;\n}\n\n@media only screen and (max-width: 2499px) {\n  .cod-herder-teaser-left-inner {\n    width: 580px;\n  }\n}\n\n@media only screen and (max-width: 1200px) {\n  .cod-herder-teaser {\n    height: auto;\n  }\n  .cod-herder-teaser-left {\n    width: calc(50% + 115px);\n    height: auto;\n    position: relative;\n    left: auto;\n    top: auto;\n    background: transparent;\n    clip-path: none;\n    padding-left: 20px;\n    padding-right: 20px;\n  }\n  .cod-herder-teaser-right {\n    width: 100%;\n    height: 50vw;\n    position: relative;\n    right: auto;\n    top: auto;\n  }\n  .cod-herder-teaser-left-inner {\n    width: calc(100vw - 40px);\n    position: relative;\n    right: auto;\n    top: auto;\n  }\n  .cod-herder-teaser-left:before {\n    content: \"\";\n    display: block;\n    width: 100%;\n    height: 100%;\n    position: absolute;\n    left: 0;\n    top: 0;\n    background: linear-gradient(124deg, #2C4E6B -7.23%, #022B4D 78.78%);\n    clip-path: polygon(0 0, 100% 0, 100% 0%, calc(100% - 230px) 100%, 0 100%);\n  }\n  .cod-herder-teaser-left-list-item {\n    min-width: 50%; \n    max-width: 50%;\n    padding-right: 15px;\n  }\n  .cod-herder-teaser-left-list-item:nth-of-type(2n) {\n    min-width: 50%; \n    max-width: 50%; \n  }\n}\n\n<\/style>\n\n<div class=\"cod-herder-teaser\" id=\"uc_cod_header_teaser_text_bild_elementor_f29a1ff\">\n  <div class=\"cod-herder-teaser-left\">\n    <div class=\"cod-herder-teaser-left-inner\">\n      <div class=\"cod-herder-teaser-left-subline\">\n        \n      <\/div>\n      <h1 class=\"cod-herder-teaser-left-headline\">\n        NETWORKED INDUSTRY\n      <\/h1>\n            <div class=\"cod-trenner\"><\/div>\n      \t\n      <div class=\"cod-herder-teaser-left-txt\">\n        <p>Our software research strengthens the networked industry. We simplify system communication and improve system integration. For more flexible production and faster market adaptation.<\/p>\n      <\/div> \n\t\n      <div class=\"cod-herder-teaser-left-list\">\n        \n\n      <\/div>\n    <\/div>\n  <\/div>\n        <div class=\"cod-herder-teaser-right\">\n    <img decoding=\"async\" src=\"https:\/\/www.codewerk.de\/wp-content\/uploads\/2024\/07\/team-working-on-computers.jpeg\"  src=\"https:\/\/www.codewerk.de\/wp-content\/uploads\/2024\/07\/team-working-on-computers.jpeg\" alt=\"team-working-on-computers\" width=\"1777\" height=\"1274\">\n  <\/div>\n<\/div>\n<!-- end Header Teaser Text \/ Bild -->\t\t\t\t<\/div>\n\t\t\t\t<\/div>\n\t\t\t\t\t<\/div>\n\t\t<\/div>\n\t\t\t\t\t<\/div>\n\t\t<\/section>\n\t\t\t\t<section class=\"elementor-section elementor-top-section elementor-element elementor-element-dc288bd elementor-section-boxed elementor-section-height-default elementor-section-height-default\" data-id=\"dc288bd\" data-element_type=\"section\" data-e-type=\"section\" data-settings=\"{&quot;_ha_eqh_enable&quot;:false}\">\n\t\t\t\t\t\t<div class=\"elementor-container elementor-column-gap-default\">\n\t\t\t\t\t<div class=\"elementor-column elementor-col-100 elementor-top-column elementor-element elementor-element-c1c656d\" data-id=\"c1c656d\" data-element_type=\"column\" data-e-type=\"column\">\n\t\t\t<div class=\"elementor-widget-wrap elementor-element-populated\">\n\t\t\t\t\t\t<div class=\"elementor-element elementor-element-f3c4193 elementor-widget elementor-widget-ucaddon_cod_headline_mit_trenner\" data-id=\"f3c4193\" data-element_type=\"widget\" data-e-type=\"widget\" data-widget_type=\"ucaddon_cod_headline_mit_trenner.default\">\n\t\t\t\t<div class=\"elementor-widget-container\">\n\t\t\t\t\t\n<!-- start Headline mit Trenner -->\n<style>\/* widget: Headline mit Trenner *\/\n\n#uc_cod_headline_mit_trenner_elementor_f3c4193 h1, #uc_cod_headline_mit_trenner_elementor_f3c4193 h2, #uc_cod_headline_mit_trenner_elementor_f3c4193 h3, #uc_cod_headline_mit_trenner_elementor_f3c4193 h4, #uc_cod_headline_mit_trenner_elementor_f3c4193 h5, #uc_cod_headline_mit_trenner_elementor_f3c4193 h6 {\n  line-height: 1.1 !important;\n  font-size: inherit;\n  margin-top:0;\n}\n#uc_cod_headline_mit_trenner_elementor_f3c4193 .cod-subline {\n  display: inline-block;\n  width: 100%;\n}\n#uc_cod_headline_mit_trenner_elementor_f3c4193 .cod-headline {\n  margin-bottom: 5px;\n}\n#uc_cod_headline_mit_trenner_elementor_f3c4193 .cod-trenner {\n  background: linear-gradient(90deg, #62A4DA 0%, #86FB23 100%);\n}\n\n<\/style>\n\n<div id=\"uc_cod_headline_mit_trenner_elementor_f3c4193\" class=\"cod-headline-trenner\">\n  \n\t<div class=\"cod-headline\"><h2><span  class=\"uc_style_cod_headline_mit_trenner_elementor_headline\" >Ongoing research projects<\/span><\/h2><\/div>\n\n  \n    <div class=\"cod-trenner\"><\/div>\n  \t\n<\/div>\n<!-- end Headline mit Trenner -->\t\t\t\t<\/div>\n\t\t\t\t<\/div>\n\t\t\t\t<div class=\"elementor-element elementor-element-a45421a elementor-widget elementor-widget-ucaddon_innovationsprojekte_big\" data-id=\"a45421a\" data-element_type=\"widget\" data-e-type=\"widget\" data-widget_type=\"ucaddon_innovationsprojekte_big.default\">\n\t\t\t\t<div class=\"elementor-widget-container\">\n\t\t\t\t\t\n<!-- start Innovationsprojekte Big -->\n\t\t<link id='font-awesome-css' href='https:\/\/www.codewerk.de\/wp-content\/plugins\/unlimited-elements-for-elementor-premium\/assets_libraries\/font-awesome6\/fontawesome-all.min.css' type='text\/css' rel='stylesheet' >\n\t\t<link id='font-awesome-4-shim-css' href='https:\/\/www.codewerk.de\/wp-content\/plugins\/unlimited-elements-for-elementor-premium\/assets_libraries\/font-awesome6\/fontawesome-v4-shims.min.css' type='text\/css' rel='stylesheet' >\n\n<style>\/* widget: Innovationsprojekte Big *\/\n\n\n\n#uc_innovationsprojekte_big_elementor_a45421a{\n  display:grid;\n}\n\n#uc_innovationsprojekte_big_elementor_a45421a .uc_post_list_image div{\n  background-size:cover;\n  background-position:center;\n}\n\n.uc_post_list .uc_post_list_box{\n\tposition: relative;\n\toverflow: hidden;\n\tdisplay: flex;\n}\n\n#uc_innovationsprojekte_big_elementor_a45421a .uc_post_list_image{\n  flex-grow:0;\n  flex-shrink:0;\n  overflow: hidden;\n}\n\n#uc_innovationsprojekte_big_elementor_a45421a .uc_post_list_image img{\n  width:100%;\n  height:100%;\n  display:block;\n  transition:0.3s;  \n}\n\n.uc_post_list_title a{\n\tcolor: #333333;\n    display: block;\n}\n\n.uc_post_list_date{\n\tfont-size: 12px;\n}\n\n#uc_innovationsprojekte_big_elementor_a45421a .uc_post_list_content{\n  display:flex;\n  flex-direction:column;\n  flex:1;\n}\n\n#uc_innovationsprojekte_big_elementor_a45421a .uc_post_list_content_inside {\n  height: 100%;\n  position: relative;\n}\n\n#uc_innovationsprojekte_big_elementor_a45421a .uc_more_btn{\n  text-align:center;\n  text-decoration:none;\n  transition:0.3s;\n}\n\n#uc_innovationsprojekte_big_elementor_a45421a .button-on-side{\n  display:flex;\n  align-items:center;\n}\n\n#uc_innovationsprojekte_big_elementor_a45421a .ue-grid-item-category{\n  display: flex;\n  align-items: center;\n  position: absolute;\n  left: 0;\n  bottom: -30px;\n}\n\n#uc_innovationsprojekte_big_elementor_a45421a .cod-status {\n  position: absolute;\n  right: 0;\n  bottom: -30px;\n}\n\n#uc_innovationsprojekte_big_elementor_a45421a .cod-read-more {\n  text-decoration: underline;\n}\n\n.ue-grid-item-category a{\n  display:inline-block;\n  font-size:10px;\n  text-transform:uppercase;\n}\n\n#uc_innovationsprojekte_big_elementor_a45421a .ue-meta-data{  \n  display:flex;\n  flex-wrap: wrap;\n  line-height:1em;\n}\n\n#uc_innovationsprojekte_big_elementor_a45421a .ue-grid-item-meta-data{\n      display:inline-flex;\n      align-items:center;\n}\n\n.ue-grid-item-meta-data{\n  font-size:12px;\n}\n\n#uc_innovationsprojekte_big_elementor_a45421a .ue-grid-item-meta-data-icon{\n  line-height:1em;\n}\n\n#uc_innovationsprojekte_big_elementor_a45421a .ue-grid-item-meta-data-icon svg{\n  width:1em;\n  height:1em;\n} \n\n#uc_innovationsprojekte_big_elementor_a45421a .ue-debug-meta{\n  padding:10px;\n  border:1px solid red;\n  position:relative;\n  line-height:1.5em;\n  font-size:11px;\n  width:100%;\n}\n\n.uc-remote-parent .uc_post_list_box{\n\tcursor:pointer;\n}\n\n#uc_innovationsprojekte_big_elementor_a45421a .ue-post-link-overlay{\n  display:block;\n  position:absolute;\n  top:0;\n  bottom:0;\n  right:0;\n  left:0;\n}\n\n\n\n\n<\/style>\n\n<div class=\"uc_post_list uc-items-wrapper \" id=\"uc_innovationsprojekte_big_elementor_a45421a\"  >    \t\n  <div class=\"uc_post_list_box\" data-category=\"IIOT\">\n  \n  \t    <div class=\"uc_post_list_image\">\n      <a href=\"https:\/\/www.codewerk.de\/en\/innovationsprojekt\/projekt-factory-x\/\" target=\"_self\" title=\"PROJEKT Factory-X\">\n          \n            <img decoding=\"async\" src=\"https:&#x2f;&#47;w&#x77;&#119;&#46;&#x63;&#x6f;&#100;e&#x77;&#101;r&#x6b;&#x2e;&#100;e&#x2f;&#119;p&#x2d;&#x63;&#111;n&#x74;&#101;n&#x74;&#x2f;&#117;p&#x6c;&#111;a&#x64;&#x73;&#47;&#x32;&#x30;&#50;4&#x2f;&#48;7&#x2f;&#x32;&#52;0&#x36;&#50;7&#x5f;&#x63;&#111;d&#x65;&#119;e&#x72;&#x6b;&#95;H&#x65;&#114;o&#x62;&#x61;&#110;&#x6e;&#x65;&#114;_&#x52;&#101;&#102;&#x65;&#x72;&#101;n&#x63;&#101;s&#x40;&#x33;&#120;-&#x37;&#54;8&#x78;&#x34;&#51;0&#x2e;&#106;p&#x67;\"  src=\"https:&#x2f;&#x2f;&#x77;&#x77;&#x77;&#x2e;&#x63;&#x6f;&#x64;&#x65;&#x77;&#x65;&#x72;&#x6b;&#x2e;&#x64;&#x65;&#x2f;&#x77;&#x70;&#x2d;&#x63;&#x6f;&#x6e;&#x74;&#x65;&#x6e;&#x74;&#x2f;&#x75;&#x70;&#x6c;&#x6f;&#x61;&#x64;&#x73;&#x2f;&#x32;&#x30;&#x32;&#x34;&#x2f;&#x30;&#x37;&#47;&#50;&#52;&#48;&#54;&#50;&#55;&#95;&#99;&#111;&#100;&#101;&#119;&#101;&#114;&#107;&#95;&#72;&#101;&#114;&#111;&#98;&#97;&#110;&#110;&#101;&#114;&#95;&#82;&#101;&#102;erences&#64;3x-768x430&#46;jpg\" alt=\"240627_codewerk_Herobanner_References@3x\" width=\"768\" height=\"430\">\n        \t\n        \n      <\/a>\n    <\/div>\n  \t\t\n  \n    <div class=\"uc_post_list_content\">\n      <div class=\"uc_post_list_content_inside\">\n        \n          \n             \n                        \n                \n        \n        <div class=\"uc_post_list_title\"><a target=\"_self\" href=\"https:\/\/www.codewerk.de\/en\/innovationsprojekt\/projekt-factory-x\/\" title=\"PROJEKT Factory-X\">Factory-X<\/a><\/div>\n                \n                    \t \n          \t\t            \t\n          \t\t<div class=\"uc_post_headline\">The cloud for a networked industry<\/div>\n                     \n        <div class=\"ue-meta-data\">\n                                               \n                                    \n            \n            \n            \n            \n            \n            \n              \n          <\/div>         \n                \n         <div class=\"uc_post_content\">Der Data Act der EU verlangt: Her mit den Daten! Unternehmen m\u00fcssen ihre Betriebsdaten untereinander teilen, um eine Industrie zu schmieden, die st\u00e4rker, gr\u00fcner und wettbewerbsf\u00e4higer ist. The aim is a networked industry that is more resilient, sustainable and competitive. With Factory-X, Siemens and SAP are developing a central platform for the German mechanical and electrical engineering industry.... <span class=\"cod-read-more\">Mehr lesen<\/span><\/div>           \n        \n                 \n                        \n        \t        \t\t        \t        \n        \t<div class=\"ue-grid-item-category\">\n                              <a href=\"https:\/\/www.codewerk.de\/kategorie-innovation\/iot\/\" target=\"_self\">IIOT<\/a>\n                              <a href=\"https:\/\/www.codewerk.de\/kategorie-innovation\/security\/\" target=\"_self\">Security<\/a>\n                              <a href=\"https:\/\/www.codewerk.de\/en\/kategorie-innovation\/vernetzung\/\" target=\"_self\">Vernetzung<\/a>\n                      \t<\/div>\n        \n                  \n                <div class=\"cod-status\">ONGOING<\/div>\n                \n      <\/div>\n    <\/div>\n     \n       \n  \n         <a target=\"_self\" href=\"https:\/\/www.codewerk.de\/en\/innovationsprojekt\/projekt-factory-x\/\" class=\"ue-post-link-overlay\"><\/a>\n   <\/div>\n\n<\/div>\n\n\n  <div id=\"uc_innovationsprojekte_big_elementor_a45421a_empty_message\" class=\"ue-no-posts-found\"  style=\"display:none\" >No posts found<\/div>\n\n\n<!-- end Innovationsprojekte Big -->\t\t\t\t<\/div>\n\t\t\t\t<\/div>\n\t\t\t\t\t<\/div>\n\t\t<\/div>\n\t\t\t\t\t<\/div>\n\t\t<\/section>\n\t\t\t\t<\/div>\n\t\t","protected":false},"excerpt":{"rendered":"<p>NETWORKED INDUSTRY Our software research strengthens the networked industry. We simplify system communication and improve system integration. For more flexible production and faster market adaptation. Ongoing research projects Factory-X Die Cloud f\u00fcr eine Vernetzte Industrie Der Data Act der EU verlangt: Her mit den Daten! Unternehmen m\u00fcssen ihre Betriebsdaten untereinander teilen, um eine Industrie zu [&hellip;]<\/p>\n","protected":false},"author":2,"featured_media":0,"parent":7987,"menu_order":2,"comment_status":"closed","ping_status":"closed","template":"","meta":{"_acf_changed":false,"_seopress_robots_primary_cat":"0","_seopress_titles_title":"","_seopress_titles_desc":"","_seopress_robots_index":"","footnotes":""},"class_list":["post-14760","page","type-page","status-publish","hentry"],"acf":[],"publishpress_future_action":{"enabled":false,"date":"2026-04-25 11:02:58","action":"change-status","newStatus":"draft","terms":[],"taxonomy":"translation_priority","extraData":[]},"publishpress_future_workflow_manual_trigger":{"enabledWorkflows":[]},"_links":{"self":[{"href":"https:\/\/www.codewerk.de\/en\/wp-json\/wp\/v2\/pages\/14760","targetHints":{"allow":["GET"]}}],"collection":[{"href":"https:\/\/www.codewerk.de\/en\/wp-json\/wp\/v2\/pages"}],"about":[{"href":"https:\/\/www.codewerk.de\/en\/wp-json\/wp\/v2\/types\/page"}],"author":[{"embeddable":true,"href":"https:\/\/www.codewerk.de\/en\/wp-json\/wp\/v2\/users\/2"}],"replies":[{"embeddable":true,"href":"https:\/\/www.codewerk.de\/en\/wp-json\/wp\/v2\/comments?post=14760"}],"version-history":[{"count":5,"href":"https:\/\/www.codewerk.de\/en\/wp-json\/wp\/v2\/pages\/14760\/revisions"}],"predecessor-version":[{"id":20069,"href":"https:\/\/www.codewerk.de\/en\/wp-json\/wp\/v2\/pages\/14760\/revisions\/20069"}],"up":[{"embeddable":true,"href":"https:\/\/www.codewerk.de\/en\/wp-json\/wp\/v2\/pages\/7987"}],"wp:attachment":[{"href":"https:\/\/www.codewerk.de\/en\/wp-json\/wp\/v2\/media?parent=14760"}],"curies":[{"name":"wp","href":"https:\/\/api.w.org\/{rel}","templated":true}]}}